{"id":5231,"date":"2024-05-27T14:56:41","date_gmt":"2024-05-27T11:56:41","guid":{"rendered":"https:\/\/esenhaber.cizoglubilisim.com\/demo7\/?page_id=5231"},"modified":"2024-05-27T14:56:41","modified_gmt":"2024-05-27T11:56:41","slug":"resmi-ilanlar","status":"publish","type":"page","link":"https:\/\/esenhaber.cizoglubilisim.com\/demo7\/resmi-ilanlar\/","title":{"rendered":"Resmi \u0130lanlar"},"content":{"rendered":"\t\t\n\t\t<style>.est-content-1{padding:0px;}<\/style>\n\t\t\n\t\t<div class=\"esen-container esenbik-resmi-ilanlar\">\n\t\t\t\n\t\t\t<div class=\"bik-inner\">\n\t\t\t\t\n\t\t\t\t<h1>RESM\u0130 \u0130LANLAR<\/h1>\n\t\t\t\t\n\t\t\t\t<ul>\n\t\t\t\t\t\t\t\t\t\t\t\t\n\t\t\t\t\t\t\t\n\t\t\t\t\t\t\t<li>\n\t\t\t\t\t\t\t\t<div class=\"bik-ilan bik-resmi-ilan\" id=\"bik-ilan-ILN012345678\">\n\t\t\t\t\t\t\t\t\t<a href=\"https:\/\/esenhaber.cizoglubilisim.com\/demo7\/bik\/kutuphane-yaptirilacaktir-bu-ornek-bir-ilandir\/\" class=\"post-image\">\n\t\t\t\t\t\t\t\t\t\t<img decoding=\"async\" src=\"https:\/\/esenhaber.cizoglubilisim.com\/demo7\/wp-content\/uploads\/2024\/05\/ilan_3.jpg\" alt=\"K\u00dcT\u00dcPHANE YAPTIRILACAKTIR.. BU \u00d6RNEK B\u0130R \u0130LANDIR.\">\n\t\t\t\t\t\t\t\t\t\t<h3>K\u00dcT\u00dcPHANE YAPTIRILACAKTIR.. BU \u00d6RNEK B\u0130R \u0130LANDIR.<\/h3>\n\t\t\t\t\t\t\t\t\t<\/a>\n\t\t\t\t\t\t\t\t<\/div>\n\t\t\t\t\t\t\t<\/li>\n\t\t\t\t\t\t\t\n\t\t\t\t\t\t\t\t\t\t\t<\/ul>\n\t\t\t\t\n\t\t\t<\/div>\n\t\t\t\n\t\t\t<div class=\"filter-form\">\n\t\t\t\t<form method=\"get\">\n\t\t\t\t\t<label for=\"start-date\">Ba\u015flang\u0131\u00e7 Tarihi:<\/label>\n\t\t\t\t\t<input type=\"date\" id=\"start-date\" name=\"start-date\" value=\"\">\n\t\t\t\t\t<label for=\"end-date\">Biti\u015f Tarihi:<\/label>\n\t\t\t\t\t<input type=\"date\" id=\"end-date\" name=\"end-date\" value=\"\">\n\t\t\t\t\t<label for=\"basin-no\">\u0130lan No:<\/label>\n\t\t\t\t\t<input type=\"text\" id=\"basin-no\" name=\"basin-no\" value=\"\" placeholder=\"\u0130lan No\" class=\"ilan-no-input\">\n\t\t\t\t\t<button type=\"submit\">Filtrele<\/button>\n\t\t\t\t<\/form>\n\t\t\t<\/div>\n\t\t\t\n\t\t<\/div>\n\t\t\n\t\t\n\t\t\n","protected":false},"excerpt":{"rendered":"","protected":false},"author":1,"featured_media":0,"parent":0,"menu_order":0,"comment_status":"closed","ping_status":"closed","template":"page-fullwidth.php","meta":{"slim_seo":{"title":"K\u00dcT\u00dcPHANE YAPTIRILACAKTIR.. BU \u00d6RNEK B\u0130R \u0130LANDIR. - EsenHaber Demo 7","description":""},"footnotes":""},"class_list":["post-5231","page","type-page","status-publish","hentry"],"_links":{"self":[{"href":"https:\/\/esenhaber.cizoglubilisim.com\/demo7\/wp-json\/wp\/v2\/pages\/5231","targetHints":{"allow":["GET"]}}],"collection":[{"href":"https:\/\/esenhaber.cizoglubilisim.com\/demo7\/wp-json\/wp\/v2\/pages"}],"about":[{"href":"https:\/\/esenhaber.cizoglubilisim.com\/demo7\/wp-json\/wp\/v2\/types\/page"}],"author":[{"embeddable":true,"href":"https:\/\/esenhaber.cizoglubilisim.com\/demo7\/wp-json\/wp\/v2\/users\/1"}],"replies":[{"embeddable":true,"href":"https:\/\/esenhaber.cizoglubilisim.com\/demo7\/wp-json\/wp\/v2\/comments?post=5231"}],"version-history":[{"count":0,"href":"https:\/\/esenhaber.cizoglubilisim.com\/demo7\/wp-json\/wp\/v2\/pages\/5231\/revisions"}],"wp:attachment":[{"href":"https:\/\/esenhaber.cizoglubilisim.com\/demo7\/wp-json\/wp\/v2\/media?parent=5231"}],"curies":[{"name":"wp","href":"https:\/\/api.w.org\/{rel}","templated":true}]}}