{"id":141,"date":"2023-06-14T14:57:25","date_gmt":"2023-06-14T11:57:25","guid":{"rendered":"https:\/\/esenhaber.cizoglubilisim.com\/demo1\/?page_id=141"},"modified":"2023-06-14T14:57:25","modified_gmt":"2023-06-14T11:57:25","slug":"kunye","status":"publish","type":"page","link":"https:\/\/esenhaber.cizoglubilisim.com\/demo7\/kunye\/","title":{"rendered":"K\u00fcnye"},"content":{"rendered":"\t<style>\n\t\t.esenkunye{\n\t\tpadding: 20px 0px !important;\n\t\tmargin: 0 !important;\n\t\tlist-style: none !important;\n\t\t}\n\t\t\n\t\t.esenkunye .birim {\n\t\tbackground:#f7f7f7;\n\t\tpadding:20px 7px 20px 7px ;\n\t\tmargin-bottom:40px;\n\t\tborder-radius:7px;\n\t\tborder-top:1px solid #ae0007;\n\t\tborder-left:1px solid #ccc;\n\t\tborder-bottom:1px solid #ccc;\n\t\tborder-right:1px solid #ccc;\n\t\tposition:relative;\n\t\tlist-style: none;\n\t\t}\n\t\t\n\t\t.esenkunye .birim-adi{\n\t\tdisplay:flex;\n\t\tjustify-content: center;\n\t\tposition: absolute;\n\t\twidth: 100%;\n\t\ttop: -16px;\n\t\tleft: 50%;\n\t\ttransform: translateX(-50%);\n\t\t}\n\t\t\n\t\t.esenkunye .birim-metni{\n\t\tbackground: #fff;\n\t\tcolor: #ae0007;\n\t\tpadding: 7px 40px;\n\t\tborder-radius: 7px;\n\t\tborder: 1px solid #ae0007;\n\t\tfont-size: 16px;\n\t\tfont-weight: bold;\n\t\tline-height: 16px;\n\t\t}\n\t\t\n\t\t.esenkunye ul {\n\t\tdisplay:flex;\n\t\tflex-wrap:nowrap;\n\t\tflex-direction: column;\n\t\tmargin: 0;\n\t\tpadding: 0;\n\t\t}\n\t\t\n\t\t.calisan-adi ul > li.calisan-detay{\n\t\tlist-style:none;\n\t\tpadding:0px !important;\n\t\t}\n\t\t\n\t\t\n\t\t.esenkunye ul li.calisan-adi{\n\t\tdisplay: flex;\n\t\tjustify-content: center;\n\t\tflex-direction: column;\n\t\talign-items: center;\n\t\tmargin: 12px 0px;\n\t\tborder-radius: 10px;\n\t\tpadding: 0px !important;\n\t\t}\n\t\t\n\t\t.calisan-adi-metni {\n\t\tdisplay:flex;\n\t\tfont-weight:700;\n\t\tcolor:#000;\n\t\tdisplay: flex;\n\t\tfont-weight: 700;\n\t\tpadding-top: 5px;\n\t\talign-items: center;\n\t\twidth: 100%;\n\t\tjustify-content: center;\n\t\talign-items: center;\n\t\t}\n\t\t\n\t\t.esenkunye ul li.calisan-adi ul{\n\t\tfont-size: 14px;\n\t\tmargin: 0;\n\t\tpadding: 0;\n\t\t}\n\t\t\n\t\t.esenkunye ul li.calisan-adi ul li .calisan-detay-inner{\n\t\tdisplay: flex;\n\t\tjustify-content: space-between;\n\t\tbackground: #fff;\n\t\tborder: 1px solid #ccc;\n\t\tborder-radius: 10px;\n\t\tpadding: 2px 20px 2px 2px;\n\t\tmargin-bottom: 5px;\n\t\t}\n\t\t\n\t\t.esenkunye ul li.calisan-adi ul li .calisan-detay-inner .detay-key{\n\t\tcolor: #000;\n\t\tmargin-right: 15px;\n\t\tpadding: 7px 5px 5px 6px;\n\t\tbackground: #dddc;\n\t\tline-height: 0.7;\n\t\tborder-radius: 7px;\n\t\t}\n\t\t\n\t\t.esenkunye ul li.calisan-adi ul li .calisan-detay-inner .detay-value{\t\n\t\tline-height: 0.7;\n\t\tpadding: 7px 5px 5px 0px;\n\t\tcolor:#000;\n\t\t}\n\t\t\n\t\t.kurum > li:last-child{\n\t\tmargin-bottom:10px;\n\t\t}\n\t\t\n\t\t.bik-zorunlu{\n\t\tbackground: #fff;\n\t\tpadding: 10px 10px 0px 10px !important;\n\t\tmargin: 0px 0px 30px 0px !important;\n\t\tborder: 1px solid #ccc;\n\t\tborder-radius: 10px;\n\t\t}\n\t\t\n\t\t.esenkunye .birim:last-child{\n\t\tmargin-bottom:20px;\n\t\t}\n\t\t\n\t\t.bik-zorunlu li {\n\t\tbackground: rgb(224,224,224);\n\t\tbackground: linear-gradient(128deg, rgba(235 235 235) 0%, rgba(231,231,231,0) 83%, rgba(255,255,255,0) 100%);\n\t\tpadding: 10px 20px;\n\t\tmargin-bottom: 10px;\n\t\tborder-radius: 10px;\n\t\tlist-style:none;\n\t\t}\n\t\t\n\t\t.bik-zorunlu .bik-baslik{\n\t\tfont-weight:700;\n\t\tdisplay: flex;\n\t\talign-items: center;\n\t\tmargin-bottom: 10px;\n\t\tcolor: #ae0007;\n\t\t}\n\t\t\n\t\t.bik-zorunlu .bik-baslik:after {\n\t\tcontent: \"\";\n\t\tposition: relative;\n\t\tdisplay: flex;\n\t\theight: 4px;\n\t\tmargin-left: 10px;\n\t\talign-items: center;\n\t\tbackground: #9b9b9b;\n\t\twidth: 38px;\n\t\tborder-radius: 4px;\n\t\t}\n\t\t\n\t\t.bik-zorunlu h4{\n\t\tpadding-left: 20px;\n\t\tmargin: 0;\n\t\tmargin-top: 15px;\n\t\tmargin-bottom: 20px;\n\t\tposition: relative;\n\t\tline-height: 1.5;\n\t\tdisplay: inline-block;\n\t\tfont-size: 19px;\n\t\tfont-weight: 700;\n\t\t}\n\t\t\n\t\t.bik-zorunlu h4:before {\n\t\tcontent: '';\n\t\theight: 7px;\n\t\twidth: 7px;\n\t\tborder-radius: 14px;\n\t\tbackground: #000000;\n\t\tposition: absolute;\n\t\ttop: 11px;\n\t\tright: -36px;\n\t\t}\n\t\t\n\t\t.bik-zorunlu h4:after {\n\t\tcontent: '';\n\t\theight: 7px;\n\t\twidth: 16px;\n\t\tborder-radius: 15px;\n\t\tbackground: #000000;\n\t\tposition: absolute;\n\t\ttop: 11px;\n\t\tright: -25px;\n\t\t}\n\t\t\n\t\t.kunye-aciklama{\n\t\t\n\t\tline-height: 1.5;\n\t\tfont-size: 16px;\n\t\tmargin: 0;\n\t\tpadding: 0;\n\t\t\n\t\t}\n\t\t\n\t\t\t<\/style>\n\t\n\t<div id=\"bik-kunye-main\">\t\n\t\t\n\t\t<ul class=\"esenkunye kurum\">\n\t\t\t\t\t\t<li class=\"birim\"> \n\t\t\t\t\n\t\t\t\t<div class=\"birim-adi\">\n\t\t\t\t\t<div class=\"birim-metni\">Kurucusu<\/div>\n\t\t\t\t<\/div>\n\t\t\t\t\n\t\t\t\t\t\t\t\t<ul>\n\t\t\t\t\t\t\t\t\t\t<li class=\"calisan-adi\">\n\t\t\t\t\t\t\n\t\t\t\t\t\t<div class=\"calisan-adi-metni\">\n\t\t\t\t\t\t\t<div>\n\t\t\t\t\t\t\t\tKemal Kayrao\u011fullar\u0131\t\t\t\t\t\t\t<\/div>\n\t\t\t\t\t\t<\/div>\n\t\t\t\t\t\t\n\t\t\t\t\t\t\t\t\t\t\t\t\n\t\t\t\t\t<\/li>\n\t\t\t\t\t\t\t\t\t<\/ul>\n\t\t\t\t\t\t\t<\/li>\n\t\t\t\n\t\t\t\t\t\t<li class=\"birim\"> \n\t\t\t\t\n\t\t\t\t<div class=\"birim-adi\">\n\t\t\t\t\t<div class=\"birim-metni\">Y\u00f6netim Kurulu Ba\u015fkan\u0131<\/div>\n\t\t\t\t<\/div>\n\t\t\t\t\n\t\t\t\t\t\t\t\t<ul>\n\t\t\t\t\t\t\t\t\t\t<li class=\"calisan-adi\">\n\t\t\t\t\t\t\n\t\t\t\t\t\t<div class=\"calisan-adi-metni\">\n\t\t\t\t\t\t\t<div>\n\t\t\t\t\t\t\t\tSolmaz G\u00fcller Adal\u0131\t\t\t\t\t\t\t<\/div>\n\t\t\t\t\t\t<\/div>\n\t\t\t\t\t\t\n\t\t\t\t\t\t\t\t\t\t\t\t<ul>\n\t\t\t\t\t\t\t\t\t\t\t\t\t\t<li class=\"calisan-detay\">\n\t\t\t\t\t\t\t\t<div class=\"calisan-detay-inner\">\n\t\t\t\t\t\t\t\t\t<span class=\"detay-key\">E-Posta<\/span>\n\t\t\t\t\t\t\t\t\t<span class=\"detay-value\">solmazgulleradali@siteadiniz.com<\/span>\n\t\t\t\t\t\t\t\t<\/div>\n\t\t\t\t\t\t\t<\/li>\n\t\t\t\t\t\t\t\t\t\t\t\t\t\t<li class=\"calisan-detay\">\n\t\t\t\t\t\t\t\t<div class=\"calisan-detay-inner\">\n\t\t\t\t\t\t\t\t\t<span class=\"detay-key\">Telefon<\/span>\n\t\t\t\t\t\t\t\t\t<span class=\"detay-value\">+90 123 123 45 67<\/span>\n\t\t\t\t\t\t\t\t<\/div>\n\t\t\t\t\t\t\t<\/li>\n\t\t\t\t\t\t\t\t\t\t\t\t\t\t<li class=\"calisan-detay\">\n\t\t\t\t\t\t\t\t<div class=\"calisan-detay-inner\">\n\t\t\t\t\t\t\t\t\t<span class=\"detay-key\">Twitter<\/span>\n\t\t\t\t\t\t\t\t\t<span class=\"detay-value\"><a href=\"https:\/\/www.twitter.com\/twitter\">\/solmazgulleradali<\/a><\/span>\n\t\t\t\t\t\t\t\t<\/div>\n\t\t\t\t\t\t\t<\/li>\n\t\t\t\t\t\t\t\t\t\t\t\t\t\t<li class=\"calisan-detay\">\n\t\t\t\t\t\t\t\t<div class=\"calisan-detay-inner\">\n\t\t\t\t\t\t\t\t\t<span class=\"detay-key\">Instagram<\/span>\n\t\t\t\t\t\t\t\t\t<span class=\"detay-value\"><a href=\"https:\/\/www.instagram.com\/instagram\/\">\/solmazgulleradali<\/a><\/span>\n\t\t\t\t\t\t\t\t<\/div>\n\t\t\t\t\t\t\t<\/li>\n\t\t\t\t\t\t\t\t\t\t\t\t\t<\/ul>\n\t\t\t\t\t\t\t\t\t\t\t\t\n\t\t\t\t\t<\/li>\n\t\t\t\t\t\t\t\t\t<\/ul>\n\t\t\t\t\t\t\t<\/li>\n\t\t\t\n\t\t\t\t\t<\/ul>\n\t\t\n\t\t\t\t\n\t\t<ul class=\"bik-zorunlu\">\n\t\t\t\n\t\t\t<h4>Kurum Bilgileri<\/h4>\n\t\t\t\n\t\t\t\t\t\t<li>\n\t\t\t\t<div class=\"bik-baslik\">Ticaret \u00dcnvan\u0131<\/div>\n\t\t\t\t<div id=\"bik-kunye-ticaret-unvani\">\u015eirketinizin Ad\u0131 Ltd. \u015eti.<\/div>\n\t\t\t<\/li>\n\t\t\t\t\t\t\n\t\t\t\t\t\t<li>\n\t\t\t\t<div class=\"bik-baslik\">T\u00fczel Ki\u015fi Temsilcisi<\/div>\n\t\t\t\t<div id=\"bik-kunye-temsilci\">Ahmet Ery\u0131lmaz<\/div>\n\t\t\t<\/li>\n\t\t\t\t\t\t\n\t\t\t\t\t\t<li>\n\t\t\t\t<div class=\"bik-baslik\">Yay\u0131nc\u0131<\/div>\n\t\t\t\t<div id=\"bik-kunye-yayinci\">siteadiniz.com.tr<\/div>\n\t\t\t<\/li>\n\t\t\t\t\t\t\n\t\t\t\t\t\t<li>\n\t\t\t\t<div class=\"bik-baslik\">Sorumlu Yaz\u0131 \u0130\u015fleri M\u00fcd\u00fcr\u00fc<\/div>\n\t\t\t\t<div id=\"bik-kunye-sorumlu-yim\">Mehmet S\u00f6zy\u0131lmaz<\/div>\n\t\t\t<\/li>\n\t\t\t\t\t\t\n\t\t\t\t\t\t<li>\n\t\t\t\t<div class=\"bik-baslik\">Y\u00f6netim Yeri<\/div>\n\t\t\t\t<div id=\"bik-kunye-yonetim-yeri\">Bursa<\/div>\n\t\t\t<\/li>\n\t\t\t\t\t\t\n\t\t\t\t\t\t<li>\n\t\t\t\t<div class=\"bik-baslik\">\u0130leti\u015fim Telefonu<\/div>\n\t\t\t\t<div id=\"bik-kunye-telefon\">+90 123 123 45 67<\/div>\n\t\t\t<\/li>\n\t\t\t\t\t\t\n\t\t\t\t\t\t<li>\n\t\t\t\t<div class=\"bik-baslik\">Kurumsal E-Posta<\/div>\n\t\t\t\t<div id=\"bik-kunye-eposta\">kurumsalpostaniz@siteadiniz.com.tr<\/div>\n\t\t\t<\/li>\n\t\t\t\t\t\t\n\t\t\t\t\t\t<li>\n\t\t\t\t<div class=\"bik-baslik\">Ulusal Elektronik Tebligat Sistemi Adresi<\/div>\n\t\t\t\t<div id=\"bik-kunye-uets\">uetsa@siteadiniz.com.tr<\/div>\n\t\t\t<\/li>\n\t\t\t\t\t\t\n\t\t\t\t\t\t<li>\n\t\t\t\t<div class=\"bik-baslik\">Yer Sa\u011flay\u0131c\u0131 Ticaret \u00dcnvan\u0131<\/div>\n\t\t\t\t<div id=\"bik-kunye-yer-saglayici-unvan\">Hosting \u015eirketinin \u00dcnvan\u0131 Ltd. \u015eti.<\/div>\n\t\t\t<\/li>\n\t\t\t\t\t\t\n\t\t\t\t\t\t<li>\n\t\t\t\t<div class=\"bik-baslik\">Yer Sa\u011flay\u0131c\u0131 Adresi<\/div>\n\t\t\t\t<div id=\"bik-kunye-yer-saglayici-adres\">Yer Sa\u011flay\u0131c\u0131n\u0131n Adresi Sk. No:5 Nil\u00fcfer\/BURSA<\/div>\n\t\t\t<\/li>\n\t\t\t\t\t\t\n\t\t<\/ul>\n\t\t\n\t\t\t\t\n\t\t\n\t\t<ul class=\"esenkunye\">\n\t\t\t\t\t\t<li class=\"birim\"> \n\t\t\t\t\n\t\t\t\t<div class=\"birim-adi\">\n\t\t\t\t\t<div class=\"birim-metni\">Edit\u00f6r<\/div>\n\t\t\t\t<\/div>\n\t\t\t\t\n\t\t\t\t\t\t\t\t<ul>\n\t\t\t\t\t\t\t\t\t\t<li class=\"calisan-adi\">\n\t\t\t\t\t\t\n\t\t\t\t\t\t<div class=\"calisan-adi-metni\">\n\t\t\t\t\t\t\t<div>\n\t\t\t\t\t\t\t\t\u00d6zlem Y\u0131lmazlaro\u011fullar\u0131\t\t\t\t\t\t\t<\/div>\n\t\t\t\t\t\t<\/div>\n\t\t\t\t\t\t\n\t\t\t\t\t\t\t\t\t\t\t\t<ul>\n\t\t\t\t\t\t\t\t\t\t\t\t\t\t<li class=\"calisan-detay\">\n\t\t\t\t\t\t\t\t<div class=\"calisan-detay-inner\">\n\t\t\t\t\t\t\t\t\t<span class=\"detay-key\">E-Posta<\/span>\n\t\t\t\t\t\t\t\t\t<span class=\"detay-value\">ozlemyilmazogullari@siteadiniz.com<\/span>\n\t\t\t\t\t\t\t\t<\/div>\n\t\t\t\t\t\t\t<\/li>\n\t\t\t\t\t\t\t\t\t\t\t\t\t<\/ul>\n\t\t\t\t\t\t\t\t\t\t\t\t\n\t\t\t\t\t<\/li>\n\t\t\t\t\t\t\t\t\t\t<li class=\"calisan-adi\">\n\t\t\t\t\t\t\n\t\t\t\t\t\t<div class=\"calisan-adi-metni\">\n\t\t\t\t\t\t\t<div>\n\t\t\t\t\t\t\t\tArda Bulutluhava\t\t\t\t\t\t\t<\/div>\n\t\t\t\t\t\t<\/div>\n\t\t\t\t\t\t\n\t\t\t\t\t\t\t\t\t\t\t\t<ul>\n\t\t\t\t\t\t\t\t\t\t\t\t\t\t<li class=\"calisan-detay\">\n\t\t\t\t\t\t\t\t<div class=\"calisan-detay-inner\">\n\t\t\t\t\t\t\t\t\t<span class=\"detay-key\">E-Posta<\/span>\n\t\t\t\t\t\t\t\t\t<span class=\"detay-value\">ardabulutluhava@siteadiniz.com<\/span>\n\t\t\t\t\t\t\t\t<\/div>\n\t\t\t\t\t\t\t<\/li>\n\t\t\t\t\t\t\t\t\t\t\t\t\t\t<li class=\"calisan-detay\">\n\t\t\t\t\t\t\t\t<div class=\"calisan-detay-inner\">\n\t\t\t\t\t\t\t\t\t<span class=\"detay-key\">Facebook<\/span>\n\t\t\t\t\t\t\t\t\t<span class=\"detay-value\"><a href=\"https:\/\/www.facebook.com\/facebook\">\/ardabulutluhava<\/a><\/span>\n\t\t\t\t\t\t\t\t<\/div>\n\t\t\t\t\t\t\t<\/li>\n\t\t\t\t\t\t\t\t\t\t\t\t\t<\/ul>\n\t\t\t\t\t\t\t\t\t\t\t\t\n\t\t\t\t\t<\/li>\n\t\t\t\t\t\t\t\t\t\t<li class=\"calisan-adi\">\n\t\t\t\t\t\t\n\t\t\t\t\t\t<div class=\"calisan-adi-metni\">\n\t\t\t\t\t\t\t<div>\n\t\t\t\t\t\t\t\tSercan Seyirmenli\t\t\t\t\t\t\t<\/div>\n\t\t\t\t\t\t<\/div>\n\t\t\t\t\t\t\n\t\t\t\t\t\t\t\t\t\t\t\t<ul>\n\t\t\t\t\t\t\t\t\t\t\t\t\t\t<li class=\"calisan-detay\">\n\t\t\t\t\t\t\t\t<div class=\"calisan-detay-inner\">\n\t\t\t\t\t\t\t\t\t<span class=\"detay-key\">E-Posta<\/span>\n\t\t\t\t\t\t\t\t\t<span class=\"detay-value\">sercanseyirmenli@siteadiniz.com<\/span>\n\t\t\t\t\t\t\t\t<\/div>\n\t\t\t\t\t\t\t<\/li>\n\t\t\t\t\t\t\t\t\t\t\t\t\t<\/ul>\n\t\t\t\t\t\t\t\t\t\t\t\t\n\t\t\t\t\t<\/li>\n\t\t\t\t\t\t\t\t\t<\/ul>\n\t\t\t\t\t\t\t<\/li>\n\t\t\t\n\t\t\t\t\t\t<li class=\"birim\"> \n\t\t\t\t\n\t\t\t\t<div class=\"birim-adi\">\n\t\t\t\t\t<div class=\"birim-metni\">Muhabir<\/div>\n\t\t\t\t<\/div>\n\t\t\t\t\n\t\t\t\t\t\t\t\t<ul>\n\t\t\t\t\t\t\t\t\t\t<li class=\"calisan-adi\">\n\t\t\t\t\t\t\n\t\t\t\t\t\t<div class=\"calisan-adi-metni\">\n\t\t\t\t\t\t\t<div>\n\t\t\t\t\t\t\t\tArda Bulutluhava\t\t\t\t\t\t\t<\/div>\n\t\t\t\t\t\t<\/div>\n\t\t\t\t\t\t\n\t\t\t\t\t\t\t\t\t\t\t\t<ul>\n\t\t\t\t\t\t\t\t\t\t\t\t\t\t<li class=\"calisan-detay\">\n\t\t\t\t\t\t\t\t<div class=\"calisan-detay-inner\">\n\t\t\t\t\t\t\t\t\t<span class=\"detay-key\">E-Posta<\/span>\n\t\t\t\t\t\t\t\t\t<span class=\"detay-value\">ardabulutluhava@siteadiniz.com<\/span>\n\t\t\t\t\t\t\t\t<\/div>\n\t\t\t\t\t\t\t<\/li>\n\t\t\t\t\t\t\t\t\t\t\t\t\t<\/ul>\n\t\t\t\t\t\t\t\t\t\t\t\t\n\t\t\t\t\t<\/li>\n\t\t\t\t\t\t\t\t\t\t<li class=\"calisan-adi\">\n\t\t\t\t\t\t\n\t\t\t\t\t\t<div class=\"calisan-adi-metni\">\n\t\t\t\t\t\t\t<div>\n\t\t\t\t\t\t\t\tSercan Seyirmenli\t\t\t\t\t\t\t<\/div>\n\t\t\t\t\t\t<\/div>\n\t\t\t\t\t\t\n\t\t\t\t\t\t\t\t\t\t\t\t<ul>\n\t\t\t\t\t\t\t\t\t\t\t\t\t\t<li class=\"calisan-detay\">\n\t\t\t\t\t\t\t\t<div class=\"calisan-detay-inner\">\n\t\t\t\t\t\t\t\t\t<span class=\"detay-key\">E-Posta<\/span>\n\t\t\t\t\t\t\t\t\t<span class=\"detay-value\">sercanseyirmenli@siteadiniz.com<\/span>\n\t\t\t\t\t\t\t\t<\/div>\n\t\t\t\t\t\t\t<\/li>\n\t\t\t\t\t\t\t\t\t\t\t\t\t<\/ul>\n\t\t\t\t\t\t\t\t\t\t\t\t\n\t\t\t\t\t<\/li>\n\t\t\t\t\t\t\t\t\t\t<li class=\"calisan-adi\">\n\t\t\t\t\t\t\n\t\t\t\t\t\t<div class=\"calisan-adi-metni\">\n\t\t\t\t\t\t\t<div>\n\t\t\t\t\t\t\t\t\u00d6zlem Y\u0131lmazlaro\u011fullar\u0131\t\t\t\t\t\t\t<\/div>\n\t\t\t\t\t\t<\/div>\n\t\t\t\t\t\t\n\t\t\t\t\t\t\t\t\t\t\t\t<ul>\n\t\t\t\t\t\t\t\t\t\t\t\t\t\t<li class=\"calisan-detay\">\n\t\t\t\t\t\t\t\t<div class=\"calisan-detay-inner\">\n\t\t\t\t\t\t\t\t\t<span class=\"detay-key\">E-Posta<\/span>\n\t\t\t\t\t\t\t\t\t<span class=\"detay-value\">ozlemyilmazogullari@siteadiniz.com<\/span>\n\t\t\t\t\t\t\t\t<\/div>\n\t\t\t\t\t\t\t<\/li>\n\t\t\t\t\t\t\t\t\t\t\t\t\t<\/ul>\n\t\t\t\t\t\t\t\t\t\t\t\t\n\t\t\t\t\t<\/li>\n\t\t\t\t\t\t\t\t\t<\/ul>\n\t\t\t\t\t\t\t<\/li>\n\t\t\t\n\t\t\t\t\t\t<li class=\"birim\"> \n\t\t\t\t\n\t\t\t\t<div class=\"birim-adi\">\n\t\t\t\t\t<div class=\"birim-metni\">Yazar<\/div>\n\t\t\t\t<\/div>\n\t\t\t\t\n\t\t\t\t\t\t\t\t<ul>\n\t\t\t\t\t\t\t\t\t\t<li class=\"calisan-adi\">\n\t\t\t\t\t\t\n\t\t\t\t\t\t<div class=\"calisan-adi-metni\">\n\t\t\t\t\t\t\t<div>\n\t\t\t\t\t\t\t\tSercan Seyirmenli\t\t\t\t\t\t\t<\/div>\n\t\t\t\t\t\t<\/div>\n\t\t\t\t\t\t\n\t\t\t\t\t\t\t\t\t\t\t\t<ul>\n\t\t\t\t\t\t\t\t\t\t\t\t\t\t<li class=\"calisan-detay\">\n\t\t\t\t\t\t\t\t<div class=\"calisan-detay-inner\">\n\t\t\t\t\t\t\t\t\t<span class=\"detay-key\">E-Posta<\/span>\n\t\t\t\t\t\t\t\t\t<span class=\"detay-value\">sercanseyirmenli@siteadiniz.com<\/span>\n\t\t\t\t\t\t\t\t<\/div>\n\t\t\t\t\t\t\t<\/li>\n\t\t\t\t\t\t\t\t\t\t\t\t\t<\/ul>\n\t\t\t\t\t\t\t\t\t\t\t\t\n\t\t\t\t\t<\/li>\n\t\t\t\t\t\t\t\t\t\t<li class=\"calisan-adi\">\n\t\t\t\t\t\t\n\t\t\t\t\t\t<div class=\"calisan-adi-metni\">\n\t\t\t\t\t\t\t<div>\n\t\t\t\t\t\t\t\tArda Bulutluhava\t\t\t\t\t\t\t<\/div>\n\t\t\t\t\t\t<\/div>\n\t\t\t\t\t\t\n\t\t\t\t\t\t\t\t\t\t\t\t<ul>\n\t\t\t\t\t\t\t\t\t\t\t\t\t\t<li class=\"calisan-detay\">\n\t\t\t\t\t\t\t\t<div class=\"calisan-detay-inner\">\n\t\t\t\t\t\t\t\t\t<span class=\"detay-key\">E-Posta<\/span>\n\t\t\t\t\t\t\t\t\t<span class=\"detay-value\">ardabulutluhava@siteadiniz.com<\/span>\n\t\t\t\t\t\t\t\t<\/div>\n\t\t\t\t\t\t\t<\/li>\n\t\t\t\t\t\t\t\t\t\t\t\t\t<\/ul>\n\t\t\t\t\t\t\t\t\t\t\t\t\n\t\t\t\t\t<\/li>\n\t\t\t\t\t\t\t\t\t<\/ul>\n\t\t\t\t\t\t\t<\/li>\n\t\t\t\n\t\t\t\t\t\t<li class=\"birim\"> \n\t\t\t\t\n\t\t\t\t<div class=\"birim-adi\">\n\t\t\t\t\t<div class=\"birim-metni\">Kamera - G\u00f6r\u00fcnt\u00fc<\/div>\n\t\t\t\t<\/div>\n\t\t\t\t\n\t\t\t\t\t\t\t\t<ul>\n\t\t\t\t\t\t\t\t\t\t<li class=\"calisan-adi\">\n\t\t\t\t\t\t\n\t\t\t\t\t\t<div class=\"calisan-adi-metni\">\n\t\t\t\t\t\t\t<div>\n\t\t\t\t\t\t\t\tArda Bulutluhava\t\t\t\t\t\t\t<\/div>\n\t\t\t\t\t\t<\/div>\n\t\t\t\t\t\t\n\t\t\t\t\t\t\t\t\t\t\t\t<ul>\n\t\t\t\t\t\t\t\t\t\t\t\t\t\t<li class=\"calisan-detay\">\n\t\t\t\t\t\t\t\t<div class=\"calisan-detay-inner\">\n\t\t\t\t\t\t\t\t\t<span class=\"detay-key\">E-Posta<\/span>\n\t\t\t\t\t\t\t\t\t<span class=\"detay-value\">ardabulutluhava@siteadiniz.com<\/span>\n\t\t\t\t\t\t\t\t<\/div>\n\t\t\t\t\t\t\t<\/li>\n\t\t\t\t\t\t\t\t\t\t\t\t\t<\/ul>\n\t\t\t\t\t\t\t\t\t\t\t\t\n\t\t\t\t\t<\/li>\n\t\t\t\t\t\t\t\t\t\t<li class=\"calisan-adi\">\n\t\t\t\t\t\t\n\t\t\t\t\t\t<div class=\"calisan-adi-metni\">\n\t\t\t\t\t\t\t<div>\n\t\t\t\t\t\t\t\tSercan Seyirmenli\t\t\t\t\t\t\t<\/div>\n\t\t\t\t\t\t<\/div>\n\t\t\t\t\t\t\n\t\t\t\t\t\t\t\t\t\t\t\t<ul>\n\t\t\t\t\t\t\t\t\t\t\t\t\t\t<li class=\"calisan-detay\">\n\t\t\t\t\t\t\t\t<div class=\"calisan-detay-inner\">\n\t\t\t\t\t\t\t\t\t<span class=\"detay-key\">E-Posta<\/span>\n\t\t\t\t\t\t\t\t\t<span class=\"detay-value\">sercanseyirmenli@siteadiniz.com<\/span>\n\t\t\t\t\t\t\t\t<\/div>\n\t\t\t\t\t\t\t<\/li>\n\t\t\t\t\t\t\t\t\t\t\t\t\t<\/ul>\n\t\t\t\t\t\t\t\t\t\t\t\t\n\t\t\t\t\t<\/li>\n\t\t\t\t\t\t\t\t\t<\/ul>\n\t\t\t\t\t\t\t<\/li>\n\t\t\t\n\t\t\t\t\t\t<li class=\"birim\"> \n\t\t\t\t\n\t\t\t\t<div class=\"birim-adi\">\n\t\t\t\t\t<div class=\"birim-metni\">Kurgu<\/div>\n\t\t\t\t<\/div>\n\t\t\t\t\n\t\t\t\t\t\t\t\t<ul>\n\t\t\t\t\t\t\t\t\t\t<li class=\"calisan-adi\">\n\t\t\t\t\t\t\n\t\t\t\t\t\t<div class=\"calisan-adi-metni\">\n\t\t\t\t\t\t\t<div>\n\t\t\t\t\t\t\t\tSercan Seyirmenli\t\t\t\t\t\t\t<\/div>\n\t\t\t\t\t\t<\/div>\n\t\t\t\t\t\t\n\t\t\t\t\t\t\t\t\t\t\t\t<ul>\n\t\t\t\t\t\t\t\t\t\t\t\t\t\t<li class=\"calisan-detay\">\n\t\t\t\t\t\t\t\t<div class=\"calisan-detay-inner\">\n\t\t\t\t\t\t\t\t\t<span class=\"detay-key\">E-Posta<\/span>\n\t\t\t\t\t\t\t\t\t<span class=\"detay-value\">sercanseyirmenli@siteadiniz.com<\/span>\n\t\t\t\t\t\t\t\t<\/div>\n\t\t\t\t\t\t\t<\/li>\n\t\t\t\t\t\t\t\t\t\t\t\t\t<\/ul>\n\t\t\t\t\t\t\t\t\t\t\t\t\n\t\t\t\t\t<\/li>\n\t\t\t\t\t\t\t\t\t<\/ul>\n\t\t\t\t\t\t\t<\/li>\n\t\t\t\n\t\t\t\t\t<\/ul>\n\t\t\n\t\t\t\t\n\t\t<ul class=\"bik-zorunlu\">\n\t\t\t<h4>\u0130leti\u015fim Bilgileri<\/h4>\n\t\t\t\n\t\t\t\t\t\t<li>\n\t\t\t\t<div class=\"bik-baslik\">Adres<\/div>\n\t\t\t\t<div id=\"bik-kunye-ticaret-unvani\">Firman\u0131z\u0131n Adresi Sk. No:7 Nil\u00fcfer\/BURSA<\/div>\n\t\t\t<\/li>\n\t\t\t\t\t\t\n\t\t\t\t\t\t<li>\n\t\t\t\t<div class=\"bik-baslik\">Telefon<\/div>\n\t\t\t\t<div id=\"bik-kunye-ticaret-unvani\">+90 123 123 45 67<\/div>\n\t\t\t<\/li>\n\t\t\t\t\t\t\n\t\t\t\t\t\t<li>\n\t\t\t\t<div class=\"bik-baslik\">Faks<\/div>\n\t\t\t\t<div id=\"bik-kunye-ticaret-unvani\">+90 123 123 45 67<\/div>\n\t\t\t<\/li>\n\t\t\t\t\t\t\n\t\t\t\t\t\t<li>\n\t\t\t\t<div class=\"bik-baslik\">E-Posta<\/div>\n\t\t\t\t<div id=\"bik-kunye-ticaret-unvani\">epostaniz@sitenizindomaini.com.tr<\/div>\n\t\t\t<\/li>\n\t\t\t\t\t\t\n\t\t<\/ul>\n\t\t\n\t\t\t\t\n\t<\/div>\n\t\n\t<div class=\"kunye-aciklama\">\n\t\tBu yaz\u0131 EsenK\u00fcnye ayarlar\u0131ndan gelmektedir. Sitemizde yay\u0131nlanan t\u00fcm haber, resim, foto\u011fraf, bilgi, belge, metin, video niteli\u011findeki t\u00fcm yaz\u0131l\u0131 ve g\u00f6rsel eserler T\u00fcrkiye Cumhuriyeti Yasalar\u0131na tamamen uygun olarak yay\u0131nlanmaktad\u0131r. TC 5846 say\u0131l\u0131 Fikir ve Sanat Eserleri Kanunu&#039;nun telif haklar\u0131na ili\u015fkin h\u00fck\u00fcmlerine ve AB Fikri M\u00fclkiyet Hukukuna g\u00f6re Sitemizin yaz\u0131l\u0131 izni olmad\u0131k\u00e7a hi\u00e7bir kimse, yay\u0131nc\u0131 ve kurulu\u015f, herhangi bir eserin tamam\u0131n\u0131 veya bir k\u0131sm\u0131n\u0131 yay\u0131nlayamaz, \u00e7o\u011faltamaz, al\u0131nt\u0131 yapamaz.\t<\/div>\n\t\n\t\n","protected":false},"excerpt":{"rendered":"","protected":false},"author":1,"featured_media":0,"parent":0,"menu_order":0,"comment_status":"closed","ping_status":"closed","template":"","meta":{"slim_seo":{"title":"K\u00fcnye - EsenHaber Demo 7","description":""},"footnotes":""},"class_list":["post-141","page","type-page","status-publish","hentry"],"_links":{"self":[{"href":"https:\/\/esenhaber.cizoglubilisim.com\/demo7\/wp-json\/wp\/v2\/pages\/141","targetHints":{"allow":["GET"]}}],"collection":[{"href":"https:\/\/esenhaber.cizoglubilisim.com\/demo7\/wp-json\/wp\/v2\/pages"}],"about":[{"href":"https:\/\/esenhaber.cizoglubilisim.com\/demo7\/wp-json\/wp\/v2\/types\/page"}],"author":[{"embeddable":true,"href":"https:\/\/esenhaber.cizoglubilisim.com\/demo7\/wp-json\/wp\/v2\/users\/1"}],"replies":[{"embeddable":true,"href":"https:\/\/esenhaber.cizoglubilisim.com\/demo7\/wp-json\/wp\/v2\/comments?post=141"}],"version-history":[{"count":0,"href":"https:\/\/esenhaber.cizoglubilisim.com\/demo7\/wp-json\/wp\/v2\/pages\/141\/revisions"}],"wp:attachment":[{"href":"https:\/\/esenhaber.cizoglubilisim.com\/demo7\/wp-json\/wp\/v2\/media?parent=141"}],"curies":[{"name":"wp","href":"https:\/\/api.w.org\/{rel}","templated":true}]}}